{"id":12,"date":"2019-06-17T16:48:47","date_gmt":"2019-06-17T14:48:47","guid":{"rendered":"http:\/\/amdafir.com\/?page_id=12"},"modified":"2019-06-19T22:16:14","modified_gmt":"2019-06-19T20:16:14","slug":"articles-scientifiques","status":"publish","type":"page","link":"https:\/\/www.amdafir.com\/index.php\/publications\/articles-scientifiques\/","title":{"rendered":"Articles Scientifiques"},"content":{"rendered":"\n<ol class=\"wp-block-list\"><li>DAFIR, A et SALAM, G. Les enjeux de l\u2019int\u00e9gration de la diplomatie \u00e9conomique dans un dispositif national d\u2019intelligence \u00e9conomique\u00a0: le cas du Maroc. <strong><em>La Revue Internationale d\u2019Intelligence Economique<\/em><\/strong><em>. <\/em>2016. n82. p. 47-65.<\/li><li>DAFIR, A. La diplomatie d\u2019influence au service des int\u00e9r\u00eats \u00e9conomiques : le cas du Maroc. <strong><em>G\u00e9o\u00e9conomie<\/em><\/strong><em>, 2015, p. 159-168.<\/em><\/li><li>DAFIR, A. La diplomatie \u00e9conomique marocaine: un essai d&rsquo;\u00e9valuation. <strong>REMA<\/strong>, 2015. N\u201940. P. 163\/177.<\/li><li>DAFIR, A. Le Maroc \u00e0 l\u2019assaut de l\u2019Afrique Subsaharienne : Contribution de la diplomatie \u00e9conomique. <strong>Cahiers de recherche de l\u2019IEA<\/strong> n\u20194. D\u00e9cembre 2014. P. 247, 267.<\/li><li>DAFIR, A. La diplomatie \u00e9conomique marocaine en Afrique subsaharienne: r\u00e9alit\u00e9s et enjeux.\u00a0<strong>G\u00e9o\u00e9conomie<\/strong> (Revue fran\u00e7aise), 2013, no 4, p. 73-83.<\/li><li>DAFIR, A. La diplomatie \u00e9conomique marocaine: un essai d&rsquo;\u00e9valuation. <strong>REMA<\/strong> 2015.<\/li><li>DAFIR, A. La diplomatie \u00e9conomique et l&rsquo;insertion internationale de l&rsquo;\u00e9conomie marocaine. In NYAMSI, J. (dir.), L&rsquo;Afrique et son d\u00e9veloppement: R\u00e9alit\u00e9s complexes et nouveaux enjeux, dans un monde en transformation. <strong>Editions l&rsquo;Harmattan<\/strong>, 2013.<\/li><li>DAFIR A, Le Maroc face \u00e0 la crise internationale : contribution de la diplomatie \u00e9conomique, <strong>Revue Internationale de Management et de Strat\u00e9gie<\/strong>, pp. 1-8\u00a0; 2014.<\/li><li>DAFIR, A et HAOUDI, K. Morocco vis-a-vis the international crisis: contribution of the economic diplomacy. <strong>Journal of Humanities and Social Science<\/strong>. Volume 19, Issue 6, Jun 2014, PP 66-70<\/li><li>DAFIR, A et HAOUDI, K. \u201cLa diplomatie \u00e9conomique et l\u2019insertion internationale de l\u2019\u00e9conomie marocaine\u201d <strong>International Journal of Innovation and Applied Studies<\/strong>, vol\u20196, n\u20194, July 2014, pp. 850\u2013859.<\/li><\/ol>\n","protected":false},"excerpt":{"rendered":"<p>DAFIR, A et SALAM, G. Les enjeux de l\u2019int\u00e9gration de la diplomatie \u00e9conomique dans un dispositif national d\u2019intelligence \u00e9conomique\u00a0: le cas du Maroc. La Revue Internationale d\u2019Intelligence Economique. 2016. n82. p. 47-65. DAFIR, A. La diplomatie d\u2019influence au service des int\u00e9r\u00eats \u00e9conomiques : le cas du Maroc. G\u00e9o\u00e9conomie, 2015, p. 159-168. DAFIR, A. La diplomatie&hellip;<\/p>\n","protected":false},"author":2,"featured_media":0,"parent":10,"menu_order":0,"comment_status":"closed","ping_status":"closed","template":"","meta":{"iawp_total_views":256,"footnotes":""},"class_list":["post-12","page","type-page","status-publish","hentry"],"jetpack_sharing_enabled":true,"_links":{"self":[{"href":"https:\/\/www.amdafir.com\/index.php\/wp-json\/wp\/v2\/pages\/12","targetHints":{"allow":["GET"]}}],"collection":[{"href":"https:\/\/www.amdafir.com\/index.php\/wp-json\/wp\/v2\/pages"}],"about":[{"href":"https:\/\/www.amdafir.com\/index.php\/wp-json\/wp\/v2\/types\/page"}],"author":[{"embeddable":true,"href":"https:\/\/www.amdafir.com\/index.php\/wp-json\/wp\/v2\/users\/2"}],"replies":[{"embeddable":true,"href":"https:\/\/www.amdafir.com\/index.php\/wp-json\/wp\/v2\/comments?post=12"}],"version-history":[{"count":2,"href":"https:\/\/www.amdafir.com\/index.php\/wp-json\/wp\/v2\/pages\/12\/revisions"}],"predecessor-version":[{"id":67,"href":"https:\/\/www.amdafir.com\/index.php\/wp-json\/wp\/v2\/pages\/12\/revisions\/67"}],"up":[{"embeddable":true,"href":"https:\/\/www.amdafir.com\/index.php\/wp-json\/wp\/v2\/pages\/10"}],"wp:attachment":[{"href":"https:\/\/www.amdafir.com\/index.php\/wp-json\/wp\/v2\/media?parent=12"}],"curies":[{"name":"wp","href":"https:\/\/api.w.org\/{rel}","templated":true}]}}