{"id":15,"date":"2019-06-17T16:49:41","date_gmt":"2019-06-17T14:49:41","guid":{"rendered":"http:\/\/amdafir.com\/?page_id=15"},"modified":"2019-06-19T22:21:27","modified_gmt":"2019-06-19T20:21:27","slug":"communications","status":"publish","type":"page","link":"https:\/\/www.amdafir.com\/index.php\/publications\/communications\/","title":{"rendered":"Communications"},"content":{"rendered":"\n<ul class=\"wp-block-list\"><li>DAFIR, A et BOULAFDOUR, B et SALAM, G.<strong>\u00a0L&rsquo;image de marque\u00a0: un avantage comp\u00e9titif pour le Maroc\u00a0?<\/strong>.\u00a0Pr\u00e9sent\u00e9 au\u00a0<strong>colloque international<\/strong>\u00a0L\u2019innovation au service du\u00a0d\u00e9veloppement\u00a0durable en\u00a0Afrique, les 27 et 28 Mai 2016 \u00e0 Benimellal.<\/li><li>DAFIR, A.\u00a0<strong>La gestion des risques douaniers\u00a0: le cas du Maroc<\/strong>. Pr\u00e9sent\u00e9 au\u00a0<strong>colloque international<\/strong>\u00a0\u00ab\u00a0Secteur Public et Logiques entrepreneuriales\u00a0\u00bb. Le 4 et 5 Novembre 2016 \u00e0 Tanger.<\/li><li>DAFIR, A. et SALAM, G. \u00ab\u00a0<strong>L&rsquo;int\u00e9gration de la diplomatie \u00e9conomique dans un dispositif national d&rsquo;intelligence \u00e9conomique: quels enjeux pour le Maroc<\/strong>\u00a0\u00bb pr\u00e9sent\u00e9 au\u00a0congr\u00e8s\u00a0international \u00ab\u00a0Regards\u00a0crois\u00e9s sur le capital immat\u00e9riel dans les pays de la r\u00e9gion MENA et de l&rsquo;OCDE\u00a0\u00bb. Les 16 et 17 D\u00e9cembre 2015 \u00e0 la Facult\u00e9 Polydisciplinaire d&rsquo; El Jadida.<\/li><li>DAFIR, A. et HASNAOUI, R. \u00ab\u00a0<strong>La strat\u00e9gie d\u2019\u00e9mergence du Maroc en Afrique subsaharienne\u00a0: Contribution de la diplomatie d\u2019influence<\/strong>\u00a0\u00bb pr\u00e9sent\u00e9 au\u00a0congr\u00e8s\u00a0international \u00ab\u00a0Les enjeux strat\u00e9giques du d\u00e9veloppement durable int\u00e9gr\u00e9 en Afrique\u00a0\u00bb les 05, 06 Juin 2015 \u00e0 Beni mellal.<\/li><li>BOULAFDOUR, B et DAFIR, A. \u00ab\u00a0<strong>La gouvernance des\u00a0syst\u00e8mes\u00a0d&rsquo;information des \u00e9tablissements publics au Maroc: enjeux et perspectives<\/strong>\u00a0\u00bb pr\u00e9sent\u00e9 au colloque international \u00ab\u00a0VALUES 2015, Cr\u00e9ativit\u00e9,\u00a0innovation et qualit\u00e9 dans le secteur public\u00a0\u00bb les 15 et 16 D\u00e9cembre 2015 \u00e0 Rabat.<\/li><li>DAFIR, A. BOULAFDOUR. B et SALAM, G.\u00a0\u00ab\u00a0<strong>Les enjeux de d\u00e9veloppement de l&rsquo;image de marque du Maroc<\/strong>\u00a0\u00bb\u00a0pr\u00e9sent\u00e9 au colloque international \u00ab\u00a0VALUES 2015, Cr\u00e9ativit\u00e9,\u00a0innovation et qualit\u00e9 dans le secteur public\u00a0\u00bb les 15 et 16 D\u00e9cembre 2015 \u00e0 Rabat<\/li><li>DAFIR, A. \u00ab\u00a0<strong>La diplomatie \u00e9conomique et l&rsquo;insertion du Maroc dans l&rsquo;\u00e9conomie internationale<\/strong>\u00a0\u00bb pr\u00e9sent\u00e9 au colloque international \u00ab\u00a0VALUES 2014,\u00a0\u00c9valuation\u00a0des politiques publiques, Modalit\u00e9s de\u00a0construction, d&rsquo;accompagnement et de Suivi\u00a0\u00bb les 24,25 Novembre 2014 \u00e0 Rabat.<\/li><li>DAFIR, A. et SALAM, G. \u00ab\u00a0<strong>L&rsquo;Afrique dans le cycle de Doha: opportunit\u00e9s et contraintes<\/strong>\u00a0\u00bb pr\u00e9sent\u00e9 au colloque international \u00ab\u00a0Int\u00e9gration de l&rsquo;Afrique et m\u00e9ga-accords commerciaux r\u00e9gionaux. Les 29, 30 et 31 octobre 2015 \u00e0 la FSJES Rabat.<\/li><li>DAFIR, A. \u00ab\u00a0<strong>L&rsquo;\u00e9valuation de la diplomatie \u00e9conomique marocaine<\/strong>\u00a0\u00bb pr\u00e9sent\u00e9 au 15 \u00e9me colloque international \u00ab\u00a0Diplomatie \u00e9conomique: quelle gouvernance en p\u00e9riode de crise et d&rsquo;instabilit\u00e9\u00a0\u00bb les 27, 28 F\u00e9vrier 2015 \u00e0 la Biblioth\u00e8que Nationale du Royaume, Rabat.<\/li><li>EL ARIF FZ et DAFIR, A. <strong>L\u2019exp\u00e9rience marocaine en\u00a0mati\u00e8re du Partenariat Public-Priv\u00e9 dans l\u2019enseignement sup\u00e9rieur<\/strong>. Pr\u00e9sent\u00e9 au\u00a0<strong>colloque international\u00a0<\/strong>sur le Partenariat Public-Priv\u00e9 et les enjeux du d\u00e9veloppement territorial durable. Les 23 et 24 Novembre 2016 \u00e0 Agadir.<\/li><li>SALAM G, DAFIR, A et BOULAFDOUR, B.\u00a0<strong>D\u00e9cider \u00e0 l\u2019aide\u00a0de l\u2019intelligence \u00e9conomique : les nouveaux enjeux \u00e0 l\u2019\u00e8re de la surabondance des donn\u00e9es<\/strong>; Pr\u00e9sent\u00e9 au\u00a0colloque international\u00a0Management International et Gouvernance: R\u00e9alit\u00e9s et Dynamiques. Les 29 et 30 Avril 2016 \u00e0 F\u00e8s.<\/li><li>DAFIR A, <strong>La Diplomatie Economique face \u00e0 la crise: Quels enjeux pour le Maroc.<\/strong> pr\u00e9sent\u00e9 au colloque international \u00ab\u00a0La crise financi\u00e8re internationale : Aspects th\u00e9oriques et empiriques. Pour quel nouvel ordre \u00e9conomique mondial ?\u00a0\u00bb Les 17,18 et 19 D\u00e9cembre 2009 \u00e0 Tataouine en Tunisie.<\/li><li>DAFIR A, <strong>La diplomatie \u00e9conomique face \u00e0 la crise\u00a0: le cas du Maroc<\/strong>, pr\u00e9sent\u00e9 au colloque international \u00ab\u00a0Crise financi\u00e8re internationale et enjeux de d\u00e9veloppement\u00a0\u00bb le 19,20 Novembre 2009 \u00e0 la facult\u00e9 des sciences juridiques, \u00e9conomiques et sociales de Mekn\u00e8s.<\/li><li> DAFIR A, <strong>La diplomatie \u00e9conomique et l\u2019insertion internationale de l\u2019\u00e9conomie marocaine<\/strong>, pr\u00e9sent\u00e9 au colloque international \u00ab\u00a0Crise, commerce et devenir des \u00e9conomies \u00e9mergentes en M\u00e9diterran\u00e9e\u00a0\u00bb le 29, 30 et 31 Octobre 2009 \u00e0 Rabat. <\/li><\/ul>\n","protected":false},"excerpt":{"rendered":"<p>DAFIR, A et BOULAFDOUR, B et SALAM, G.\u00a0L&rsquo;image de marque\u00a0: un avantage comp\u00e9titif pour le Maroc\u00a0?.\u00a0Pr\u00e9sent\u00e9 au\u00a0colloque international\u00a0L\u2019innovation au service du\u00a0d\u00e9veloppement\u00a0durable en\u00a0Afrique, les 27 et 28 Mai 2016 \u00e0 Benimellal. DAFIR, A.\u00a0La gestion des risques douaniers\u00a0: le cas du Maroc. Pr\u00e9sent\u00e9 au\u00a0colloque international\u00a0\u00ab\u00a0Secteur Public et Logiques entrepreneuriales\u00a0\u00bb. Le 4 et 5 Novembre 2016 \u00e0 Tanger.&hellip;<\/p>\n","protected":false},"author":2,"featured_media":0,"parent":10,"menu_order":0,"comment_status":"closed","ping_status":"closed","template":"","meta":{"iawp_total_views":80,"footnotes":""},"class_list":["post-15","page","type-page","status-publish","hentry"],"jetpack_sharing_enabled":true,"_links":{"self":[{"href":"https:\/\/www.amdafir.com\/index.php\/wp-json\/wp\/v2\/pages\/15","targetHints":{"allow":["GET"]}}],"collection":[{"href":"https:\/\/www.amdafir.com\/index.php\/wp-json\/wp\/v2\/pages"}],"about":[{"href":"https:\/\/www.amdafir.com\/index.php\/wp-json\/wp\/v2\/types\/page"}],"author":[{"embeddable":true,"href":"https:\/\/www.amdafir.com\/index.php\/wp-json\/wp\/v2\/users\/2"}],"replies":[{"embeddable":true,"href":"https:\/\/www.amdafir.com\/index.php\/wp-json\/wp\/v2\/comments?post=15"}],"version-history":[{"count":2,"href":"https:\/\/www.amdafir.com\/index.php\/wp-json\/wp\/v2\/pages\/15\/revisions"}],"predecessor-version":[{"id":70,"href":"https:\/\/www.amdafir.com\/index.php\/wp-json\/wp\/v2\/pages\/15\/revisions\/70"}],"up":[{"embeddable":true,"href":"https:\/\/www.amdafir.com\/index.php\/wp-json\/wp\/v2\/pages\/10"}],"wp:attachment":[{"href":"https:\/\/www.amdafir.com\/index.php\/wp-json\/wp\/v2\/media?parent=15"}],"curies":[{"name":"wp","href":"https:\/\/api.w.org\/{rel}","templated":true}]}}