{"id":165,"date":"2019-07-20T18:04:58","date_gmt":"2019-07-20T16:04:58","guid":{"rendered":"http:\/\/www.amdafir.com\/?page_id=165"},"modified":"2019-07-20T18:43:24","modified_gmt":"2019-07-20T16:43:24","slug":"colloque-international-ie-en-afrique","status":"publish","type":"page","link":"https:\/\/www.amdafir.com\/index.php\/colloque-international-ie-en-afrique\/","title":{"rendered":"Colloque International ie en Afrique"},"content":{"rendered":"\n<p>Afin de mettre le point sur les pratiques de l\u2019intelligence \u00e9conomique en Afrique, l\u2019Universit\u00e9 Mohammed premier d\u2019Oujda, la FSJES, organise un colloque international sur le th\u00e8me&nbsp;: La pratique de l\u2019intelligence \u00e9conomique en Afrique&nbsp;: sp\u00e9cificit\u00e9s et limites en partenariat avec le centre Africain de veille et d\u2019intelligence Economique et le Centre de Recherche et de D\u00e9veloppement de l\u2019Oriental.<\/p>\n\n\n\n<p>Le principal objectif de ce colloque international est de r\u00e9unir des praticiens, des professeurs universitaires, ainsi que des doctorants et des jeunes chercheurs pour enrichir le d\u00e9bat sur les sp\u00e9cificit\u00e9s de la pratique de l\u2019intelligence \u00e9conomique en Afrique et discuter l\u2019apport d\u2019un mod\u00e8le d\u2019intelligence \u00e9conomique africain.<\/p>\n\n\n\n<p><strong>Axes colloque<\/strong><\/p>\n\n\n\n<ul class=\"wp-block-list\"><li>&nbsp;D\u00e9fis de l\u2019intelligence \u00e9conomique en Afrique&nbsp;<\/li><li>&nbsp;Technologie d\u2019information et Intelligence Economique&nbsp;<\/li><li>&nbsp;Intelligence \u00e9conomique et gouvernance du territoire&nbsp;<\/li><li>&nbsp;IE dans le secteur public&nbsp;<\/li><li>&nbsp;Knowledge Management&nbsp;<\/li><li>&nbsp;Comp\u00e9titivit\u00e9 des entreprises&nbsp;<\/li><li>&nbsp;Politiques d\u2019intelligence \u00e9conomique&nbsp;<\/li><li>&nbsp;La veille technologique et l\u2019innovation&nbsp;<\/li><li>&nbsp;S\u00e9curit\u00e9 de l\u2019Information&nbsp;<\/li><li>&nbsp;Analyse et traitement de l\u2019information&nbsp;<\/li><li>&nbsp;Intelligence pays et intelligence March\u00e9&nbsp;<\/li><li>&nbsp;Big Data et Open Data&nbsp;<\/li><li>&nbsp;De l\u2019intelligence Economique \u00e0 l\u2019intelligence Artificielle&nbsp;<\/li><li>&nbsp;Intelligence territoriale&nbsp;<\/li><li>&nbsp;Intelligence \u00e9conomique et diplomatie \u00e9conomique&nbsp;<\/li><li>&nbsp;Intelligence \u00e9conomique et \u00e9thique&nbsp;<\/li><li>&nbsp;Cyberguerre et cyberattaque&nbsp;<\/li><li>&nbsp;Lobbying et Influence&nbsp;<\/li><li>&nbsp;Intelligence \u00e9conomique et commerce international<\/li><\/ul>\n\n\n\n<p><strong>Coordonnateurs du colloque<\/strong><\/p>\n\n\n\n<ul class=\"wp-block-list\"><li>Abdelilah EL ATTAR. UMP Oujda, Maroc<\/li><li>Amine DAFIR, UH2 Casablanca<\/li><\/ul>\n\n\n\n<p><strong>Site de l&rsquo;\u00e9v\u00e9nement <\/strong><a href=\"https:\/\/ieafrique.sciencesconf.org\/\">: <\/a><a href=\"https:\/\/ieafrique.sciencesconf.org\/\">https:\/\/ieafrique.sciencesconf.org\/<\/a><\/p>\n\n\n\n<p><strong>Quelques sites parlant de l&rsquo;\u00e9v\u00e9nement:<\/strong><\/p>\n\n\n\n<ul class=\"wp-block-list\"><li><a href=\"https:\/\/www.veille.ma\/+Appel-a-communication-La-pratique-de-l+.html\">https:\/\/www.veille.ma\/+Appel-a-communication-La-pratique-de-l+.html<\/a><\/li><li> <a href=\"https:\/\/calenda.org\/616370\">https:\/\/calenda.org\/616370<\/a> <\/li><li> <a href=\"https:\/\/portail-ie.fr\/event\/800\/organisation-dun-colloque-international-au-maroc-portant-sur-la-pratique-de-lintelligence-economique-en-afrique\">https:\/\/portail-ie.fr\/event\/800\/organisation-dun-colloque-international-au-maroc-portant-sur-la-pratique-de-lintelligence-economique-en-afrique<\/a> <\/li><li> <a href=\"http:\/\/droit.ump.ma\/fr\/event\/colloque-international-portant-sur-la-pratique-de-lintelligence-economique-en-afrique-specificites-et-limites\">http:\/\/droit.ump.ma\/fr\/event\/colloque-international-portant-sur-la-pratique-de-lintelligence-economique-en-afrique-specificites-et-limites<\/a> <\/li><\/ul>\n\n\n\n<ul class=\"wp-block-gallery aligncenter columns-1 wp-block-gallery-1 is-layout-flex wp-block-gallery-is-layout-flex\"><li class=\"blocks-gallery-item\"><figure><img loading=\"lazy\" decoding=\"async\" width=\"724\" height=\"1024\" src=\"http:\/\/www.amdafir.com\/wp-content\/uploads\/2019\/07\/Affiche-02-1-724x1024.jpg\" alt=\"\" data-id=\"176\" data-link=\"http:\/\/www.amdafir.com\/index.php\/colloque-international-ie-en-afrique\/affiche-02-1\/#main\" class=\"wp-image-176\" srcset=\"https:\/\/www.amdafir.com\/wp-content\/uploads\/2019\/07\/Affiche-02-1-724x1024.jpg 724w, https:\/\/www.amdafir.com\/wp-content\/uploads\/2019\/07\/Affiche-02-1-212x300.jpg 212w, https:\/\/www.amdafir.com\/wp-content\/uploads\/2019\/07\/Affiche-02-1-768x1086.jpg 768w, https:\/\/www.amdafir.com\/wp-content\/uploads\/2019\/07\/Affiche-02-1-141x200.jpg 141w, https:\/\/www.amdafir.com\/wp-content\/uploads\/2019\/07\/Affiche-02-1-424x600.jpg 424w, https:\/\/www.amdafir.com\/wp-content\/uploads\/2019\/07\/Affiche-02-1-707x1000.jpg 707w, https:\/\/www.amdafir.com\/wp-content\/uploads\/2019\/07\/Affiche-02-1.jpg 1654w\" sizes=\"auto, (max-width: 724px) 100vw, 724px\" \/><\/figure><\/li><\/ul>\n","protected":false},"excerpt":{"rendered":"<p>Afin de mettre le point sur les pratiques de l\u2019intelligence \u00e9conomique en Afrique, l\u2019Universit\u00e9 Mohammed premier d\u2019Oujda, la FSJES, organise un colloque international sur le th\u00e8me&nbsp;: La pratique de l\u2019intelligence \u00e9conomique en Afrique&nbsp;: sp\u00e9cificit\u00e9s et limites en partenariat avec le centre Africain de veille et d\u2019intelligence Economique et le Centre de Recherche et de D\u00e9veloppement&hellip;<\/p>\n","protected":false},"author":2,"featured_media":0,"parent":0,"menu_order":0,"comment_status":"closed","ping_status":"closed","template":"","meta":{"iawp_total_views":47,"footnotes":""},"class_list":["post-165","page","type-page","status-publish","hentry"],"jetpack_sharing_enabled":true,"_links":{"self":[{"href":"https:\/\/www.amdafir.com\/index.php\/wp-json\/wp\/v2\/pages\/165","targetHints":{"allow":["GET"]}}],"collection":[{"href":"https:\/\/www.amdafir.com\/index.php\/wp-json\/wp\/v2\/pages"}],"about":[{"href":"https:\/\/www.amdafir.com\/index.php\/wp-json\/wp\/v2\/types\/page"}],"author":[{"embeddable":true,"href":"https:\/\/www.amdafir.com\/index.php\/wp-json\/wp\/v2\/users\/2"}],"replies":[{"embeddable":true,"href":"https:\/\/www.amdafir.com\/index.php\/wp-json\/wp\/v2\/comments?post=165"}],"version-history":[{"count":4,"href":"https:\/\/www.amdafir.com\/index.php\/wp-json\/wp\/v2\/pages\/165\/revisions"}],"predecessor-version":[{"id":177,"href":"https:\/\/www.amdafir.com\/index.php\/wp-json\/wp\/v2\/pages\/165\/revisions\/177"}],"wp:attachment":[{"href":"https:\/\/www.amdafir.com\/index.php\/wp-json\/wp\/v2\/media?parent=165"}],"curies":[{"name":"wp","href":"https:\/\/api.w.org\/{rel}","templated":true}]}}