{"id":178,"date":"2019-07-24T17:18:01","date_gmt":"2019-07-24T15:18:01","guid":{"rendered":"http:\/\/www.amdafir.com\/?page_id=178"},"modified":"2019-07-24T17:27:01","modified_gmt":"2019-07-24T15:27:01","slug":"intelligence-economique","status":"publish","type":"page","link":"https:\/\/www.amdafir.com\/index.php\/intelligence-economique\/","title":{"rendered":"Intelligence Economique"},"content":{"rendered":"\n<p><strong>Objectifs<\/strong><\/p>\n\n\n\n<ul class=\"wp-block-list\"><li>Comprendre les concepts de la veille strat\u00e9gique, l\u2019intelligence \u00e9conomique et l\u2019intelligence territoriale.<\/li><li>Traiter l\u2019importance de ses outils et leurs apports au d\u00e9veloppement des territoires. <\/li><li>Analyser les interactions entre la diplomatie \u00e9conomique et le dispositif national d\u2019intelligence \u00e9conomique.<\/li><li>\u00a0Identifier les contraintes et les limites de d\u00e9veloppement de la veille strat\u00e9gique dans le cadre de la diplomatie.<\/li><li>Comprendre les implications de la mise en \u0153uvre de la veille strat\u00e9gique sur la performance de la diplomatie. <\/li><li> Comprendre les ressorts de l\u2019intelligence \u00e9conomique appliqu\u00e9e \u00e0 la diplomatie marocaine. <\/li><\/ul>\n\n\n\n<p><strong>Axes:<\/strong><\/p>\n\n\n\n<ul class=\"wp-block-list\"><li>le contexte et l\u2019importance de l\u2019application de l\u2019intelligence\n\u00e9conomique<\/li><li>D\u00e9finition et historique des concepts<\/li><li>Valeur de l\u2019information et les sources d\u2019information<\/li><li>Traitement de l\u2019importance de la valeur dans la guerre\n\u00e9conomique et les diff\u00e9rents types de sources d\u2019information.<\/li><li>La veille \u00e9conomique<\/li><li>Traiter les outils de veille \u00e9conomique<\/li><li>L\u2019analyse de l\u2019information strat\u00e9gique<\/li><li>La distribution de l\u2019information<\/li><li>La protection de l\u2019information<\/li><li> Les strat\u00e9gies d\u2019influence <\/li><\/ul>\n","protected":false},"excerpt":{"rendered":"<p>Objectifs Comprendre les concepts de la veille strat\u00e9gique, l\u2019intelligence \u00e9conomique et l\u2019intelligence territoriale. Traiter l\u2019importance de ses outils et leurs apports au d\u00e9veloppement des territoires. Analyser les interactions entre la diplomatie \u00e9conomique et le dispositif national d\u2019intelligence \u00e9conomique. \u00a0Identifier les contraintes et les limites de d\u00e9veloppement de la veille strat\u00e9gique dans le cadre de la&hellip;<\/p>\n","protected":false},"author":2,"featured_media":0,"parent":0,"menu_order":0,"comment_status":"closed","ping_status":"closed","template":"","meta":{"iawp_total_views":114,"footnotes":""},"class_list":["post-178","page","type-page","status-publish","hentry"],"jetpack_sharing_enabled":true,"_links":{"self":[{"href":"https:\/\/www.amdafir.com\/index.php\/wp-json\/wp\/v2\/pages\/178","targetHints":{"allow":["GET"]}}],"collection":[{"href":"https:\/\/www.amdafir.com\/index.php\/wp-json\/wp\/v2\/pages"}],"about":[{"href":"https:\/\/www.amdafir.com\/index.php\/wp-json\/wp\/v2\/types\/page"}],"author":[{"embeddable":true,"href":"https:\/\/www.amdafir.com\/index.php\/wp-json\/wp\/v2\/users\/2"}],"replies":[{"embeddable":true,"href":"https:\/\/www.amdafir.com\/index.php\/wp-json\/wp\/v2\/comments?post=178"}],"version-history":[{"count":2,"href":"https:\/\/www.amdafir.com\/index.php\/wp-json\/wp\/v2\/pages\/178\/revisions"}],"predecessor-version":[{"id":195,"href":"https:\/\/www.amdafir.com\/index.php\/wp-json\/wp\/v2\/pages\/178\/revisions\/195"}],"wp:attachment":[{"href":"https:\/\/www.amdafir.com\/index.php\/wp-json\/wp\/v2\/media?parent=178"}],"curies":[{"name":"wp","href":"https:\/\/api.w.org\/{rel}","templated":true}]}}