{"id":181,"date":"2019-07-24T17:18:30","date_gmt":"2019-07-24T15:18:30","guid":{"rendered":"http:\/\/www.amdafir.com\/?page_id=181"},"modified":"2019-07-24T17:39:00","modified_gmt":"2019-07-24T15:39:00","slug":"commerce-international","status":"publish","type":"page","link":"https:\/\/www.amdafir.com\/index.php\/commerce-international\/","title":{"rendered":"Commerce International"},"content":{"rendered":"\n<p><strong>Objectifs:<\/strong><\/p>\n\n\n\n<ul class=\"wp-block-list\"><li><strong>Savoir choisir des solutions transport <\/strong><\/li><li><strong>D\u00e9finition et utilisation des incoterms<\/strong><\/li><li><strong>Organiser l&rsquo;acheminement des marchandises<\/strong><\/li><li><strong>Comprendre les r\u00e8gles d\u2019origine<\/strong><\/li><li><strong>Ma\u00eetriser les r\u00e9gimes \u00e9conomiques en Douane<\/strong><\/li><li><strong>Appr\u00e9hender les principales proc\u00e9dures de d\u00e9douanement<\/strong><\/li><\/ul>\n\n\n\n<p><\/p>\n","protected":false},"excerpt":{"rendered":"<p>Objectifs: Savoir choisir des solutions transport D\u00e9finition et utilisation des incoterms Organiser l&rsquo;acheminement des marchandises Comprendre les r\u00e8gles d\u2019origine Ma\u00eetriser les r\u00e9gimes \u00e9conomiques en Douane Appr\u00e9hender les principales proc\u00e9dures de d\u00e9douanement<\/p>\n","protected":false},"author":2,"featured_media":0,"parent":0,"menu_order":0,"comment_status":"closed","ping_status":"closed","template":"","meta":{"iawp_total_views":144,"footnotes":""},"class_list":["post-181","page","type-page","status-publish","hentry"],"jetpack_sharing_enabled":true,"_links":{"self":[{"href":"https:\/\/www.amdafir.com\/index.php\/wp-json\/wp\/v2\/pages\/181","targetHints":{"allow":["GET"]}}],"collection":[{"href":"https:\/\/www.amdafir.com\/index.php\/wp-json\/wp\/v2\/pages"}],"about":[{"href":"https:\/\/www.amdafir.com\/index.php\/wp-json\/wp\/v2\/types\/page"}],"author":[{"embeddable":true,"href":"https:\/\/www.amdafir.com\/index.php\/wp-json\/wp\/v2\/users\/2"}],"replies":[{"embeddable":true,"href":"https:\/\/www.amdafir.com\/index.php\/wp-json\/wp\/v2\/comments?post=181"}],"version-history":[{"count":2,"href":"https:\/\/www.amdafir.com\/index.php\/wp-json\/wp\/v2\/pages\/181\/revisions"}],"predecessor-version":[{"id":198,"href":"https:\/\/www.amdafir.com\/index.php\/wp-json\/wp\/v2\/pages\/181\/revisions\/198"}],"wp:attachment":[{"href":"https:\/\/www.amdafir.com\/index.php\/wp-json\/wp\/v2\/media?parent=181"}],"curies":[{"name":"wp","href":"https:\/\/api.w.org\/{rel}","templated":true}]}}