{"id":184,"date":"2019-07-24T17:18:58","date_gmt":"2019-07-24T15:18:58","guid":{"rendered":"http:\/\/www.amdafir.com\/?page_id=184"},"modified":"2020-02-14T12:28:30","modified_gmt":"2020-02-14T11:28:30","slug":"logistique-internationale","status":"publish","type":"page","link":"https:\/\/www.amdafir.com\/index.php\/logistique-internationale\/","title":{"rendered":"Logistique Internationale"},"content":{"rendered":"\n<p>Objectifs:<\/p>\n\n\n\n<ul class=\"wp-block-list\"><li>Conna\u00eetre les \u00e9tapes du process de la logistique internationale <\/li><li>Savoir choisir des solutions transport <\/li><li>Comprendre les sp\u00e9cificit\u00e9s de l\u2019organisation du d\u00e9placement ou le stockage de marchandises \u00e0 l\u2019international<\/li><li>Maitriser les \u00e9tapes de d\u00e9douanement des marchandises<\/li><li>Comprendre les facilit\u00e9s accord\u00e9es par la douane pour la facilitation des \u00e9changes<\/li><li> Savoir utiliser les outils de l\u2019ADII <\/li><\/ul>\n\n\n\n<p>Axes:<\/p>\n\n\n\n<ul class=\"wp-block-list\"><li>Le d\u00e9veloppement du commerce international<\/li><li>La facilitation et la s\u00e9curisation des \u00e9changes<\/li><li>Le Transport International (Types, calcul de fret, importance, choix)<\/li><li>&nbsp;Les Proc\u00e9dures de d\u00e9douanement (Techniques de d\u00e9douanement, DUM, Portnet, ADIL, syst\u00e8me Badr, r\u00e8gles d\u2019origine, valeur en douane)<\/li><li>R\u00e9gimes \u00e9conomiques en Douane (R\u00e9gimes de transformation, r\u00e9gimes de circulation et Drawback)<\/li><li>Les techniques de paiements \u00e0 l\u2019international<\/li><\/ul>\n\n\n\n<p style=\"text-align:center\">Contact: <strong>amine.dafir@gmail.com<\/strong><\/p>\n","protected":false},"excerpt":{"rendered":"<p>Objectifs: Conna\u00eetre les \u00e9tapes du process de la logistique internationale Savoir choisir des solutions transport Comprendre les sp\u00e9cificit\u00e9s de l\u2019organisation du d\u00e9placement ou le stockage de marchandises \u00e0 l\u2019international Maitriser les \u00e9tapes de d\u00e9douanement des marchandises Comprendre les facilit\u00e9s accord\u00e9es par la douane pour la facilitation des \u00e9changes Savoir utiliser les outils de l\u2019ADII Axes:&hellip;<\/p>\n","protected":false},"author":2,"featured_media":0,"parent":0,"menu_order":0,"comment_status":"closed","ping_status":"closed","template":"","meta":{"iawp_total_views":131,"footnotes":""},"class_list":["post-184","page","type-page","status-publish","hentry"],"jetpack_sharing_enabled":true,"_links":{"self":[{"href":"https:\/\/www.amdafir.com\/index.php\/wp-json\/wp\/v2\/pages\/184","targetHints":{"allow":["GET"]}}],"collection":[{"href":"https:\/\/www.amdafir.com\/index.php\/wp-json\/wp\/v2\/pages"}],"about":[{"href":"https:\/\/www.amdafir.com\/index.php\/wp-json\/wp\/v2\/types\/page"}],"author":[{"embeddable":true,"href":"https:\/\/www.amdafir.com\/index.php\/wp-json\/wp\/v2\/users\/2"}],"replies":[{"embeddable":true,"href":"https:\/\/www.amdafir.com\/index.php\/wp-json\/wp\/v2\/comments?post=184"}],"version-history":[{"count":3,"href":"https:\/\/www.amdafir.com\/index.php\/wp-json\/wp\/v2\/pages\/184\/revisions"}],"predecessor-version":[{"id":289,"href":"https:\/\/www.amdafir.com\/index.php\/wp-json\/wp\/v2\/pages\/184\/revisions\/289"}],"wp:attachment":[{"href":"https:\/\/www.amdafir.com\/index.php\/wp-json\/wp\/v2\/media?parent=184"}],"curies":[{"name":"wp","href":"https:\/\/api.w.org\/{rel}","templated":true}]}}