{"id":187,"date":"2019-07-24T17:19:24","date_gmt":"2019-07-24T15:19:24","guid":{"rendered":"http:\/\/www.amdafir.com\/?page_id=187"},"modified":"2019-07-24T17:35:02","modified_gmt":"2019-07-24T15:35:02","slug":"incoterms","status":"publish","type":"page","link":"https:\/\/www.amdafir.com\/index.php\/incoterms\/","title":{"rendered":"Incoterms"},"content":{"rendered":"\n<p>Objectifs:<\/p>\n\n\n\n<ul class=\"wp-block-list\"><li>pr\u00e9senter les r\u00e8gles Incoterms <\/li><li>Expliquer le r\u00f4le strat\u00e9gique dans le commerce international<\/li><li>n\u00e9gocier les contrats d\u2019achat et de vente <\/li><li>conna\u00eetre les implications des Incoterms en transport, douane et assurance<\/li><li>\u00e9tablir un lien entre Incoterms et les techniques de paiement<\/li><\/ul>\n\n\n\n<p>Axes:<\/p>\n\n\n\n<ul class=\"wp-block-list\"><li>Ma\u00eetriser les transactions commerciales internationales<\/li><li>Pr\u00e9sentation des 11 Incoterms<\/li><li>Les obligations r\u00e9ciproques du vendeur et de l\u2019acheteur<\/li><li>Le transfert de risques et les assurances<\/li><li>facteurs d\u00e9terminants dans le choix d\u2019une r\u00e8gle Incoterms<\/li><\/ul>\n","protected":false},"excerpt":{"rendered":"<p>Objectifs: pr\u00e9senter les r\u00e8gles Incoterms Expliquer le r\u00f4le strat\u00e9gique dans le commerce international n\u00e9gocier les contrats d\u2019achat et de vente conna\u00eetre les implications des Incoterms en transport, douane et assurance \u00e9tablir un lien entre Incoterms et les techniques de paiement Axes: Ma\u00eetriser les transactions commerciales internationales Pr\u00e9sentation des 11 Incoterms Les obligations r\u00e9ciproques du vendeur&hellip;<\/p>\n","protected":false},"author":2,"featured_media":0,"parent":0,"menu_order":0,"comment_status":"closed","ping_status":"closed","template":"","meta":{"iawp_total_views":63,"footnotes":""},"class_list":["post-187","page","type-page","status-publish","hentry"],"jetpack_sharing_enabled":true,"_links":{"self":[{"href":"https:\/\/www.amdafir.com\/index.php\/wp-json\/wp\/v2\/pages\/187","targetHints":{"allow":["GET"]}}],"collection":[{"href":"https:\/\/www.amdafir.com\/index.php\/wp-json\/wp\/v2\/pages"}],"about":[{"href":"https:\/\/www.amdafir.com\/index.php\/wp-json\/wp\/v2\/types\/page"}],"author":[{"embeddable":true,"href":"https:\/\/www.amdafir.com\/index.php\/wp-json\/wp\/v2\/users\/2"}],"replies":[{"embeddable":true,"href":"https:\/\/www.amdafir.com\/index.php\/wp-json\/wp\/v2\/comments?post=187"}],"version-history":[{"count":3,"href":"https:\/\/www.amdafir.com\/index.php\/wp-json\/wp\/v2\/pages\/187\/revisions"}],"predecessor-version":[{"id":197,"href":"https:\/\/www.amdafir.com\/index.php\/wp-json\/wp\/v2\/pages\/187\/revisions\/197"}],"wp:attachment":[{"href":"https:\/\/www.amdafir.com\/index.php\/wp-json\/wp\/v2\/media?parent=187"}],"curies":[{"name":"wp","href":"https:\/\/api.w.org\/{rel}","templated":true}]}}