{"id":19,"date":"2019-06-17T16:50:21","date_gmt":"2019-06-17T14:50:21","guid":{"rendered":"http:\/\/amdafir.com\/?page_id=19"},"modified":"2019-06-19T22:17:29","modified_gmt":"2019-06-19T20:17:29","slug":"animation-scientifique","status":"publish","type":"page","link":"https:\/\/www.amdafir.com\/index.php\/publications\/animation-scientifique\/","title":{"rendered":"Animation Scientifique"},"content":{"rendered":"\n<ul class=\"wp-block-list\"><li>Membre du comit\u00e9\nscientifique de la 27\u00e9me IBIMA conf\u00e9rence \u00abInternational Business Information\nManagement Association Conference\u00bb. Milan le 4 et 5 Mai 2016.<\/li><li>Membre du comit\u00e9\nscientifique de la revue \u00ab&nbsp;European Scientific Journal&nbsp;\u00bb.<\/li><li>Membre du comit\u00e9\nscientifique de l\u2019ouvrage collectif \u00ab&nbsp;secteur public et logiques\nentrepreneuriales&nbsp;\u00bb. Universit\u00e9 Mohammed V Rabat.<\/li><li>Membre du comit\u00e9 technique du 5th International\nConference on Business Economics, Marketing &amp; Management Research. Sousse\n2017.<\/li><li>Membre du comit\u00e9\nscientifique de la 6\u00e8me Conf\u00e9rence Internationale En Economie-Gestion &amp;\nCommerce International. Sousse 2018.<\/li><li>Membre du comit\u00e9\nscientifique du 2\u00e8me Congr\u00e8s International Polydisciplinaire sur le th\u00e8me\n\u00ab&nbsp;l\u2019innovation au service de d\u00e9veloppement durable en Afrique&nbsp;\u00bb \u00e0\nBenimellal 2016.<\/li><li>Membre du comit\u00e9\nscientifique de la 1\u00e9re \u00e9dition des journ\u00e9es \u00abPlaidoyer du projet de\nth\u00e8se&nbsp;\u00bb.&nbsp;FSJES Souissi. Octobre 2016.<\/li><li>Membre du jury du workshop\ndoctoral \u00abInnovation et Recherche scientifique&nbsp;\u00bb Mohammedia 2017.<\/li><li> Membre du comit\u00e9 d\u2019organisation du colloque national \u00ab Les sources de financement de l\u2019\u00e9conomie marocaine \u00bb Mohammedia 2016. <\/li><\/ul>\n","protected":false},"excerpt":{"rendered":"<p>Membre du comit\u00e9 scientifique de la 27\u00e9me IBIMA conf\u00e9rence \u00abInternational Business Information Management Association Conference\u00bb. Milan le 4 et 5 Mai 2016. Membre du comit\u00e9 scientifique de la revue \u00ab&nbsp;European Scientific Journal&nbsp;\u00bb. Membre du comit\u00e9 scientifique de l\u2019ouvrage collectif \u00ab&nbsp;secteur public et logiques entrepreneuriales&nbsp;\u00bb. Universit\u00e9 Mohammed V Rabat. Membre du comit\u00e9 technique du 5th International&hellip;<\/p>\n","protected":false},"author":2,"featured_media":0,"parent":10,"menu_order":0,"comment_status":"closed","ping_status":"closed","template":"","meta":{"iawp_total_views":42,"footnotes":""},"class_list":["post-19","page","type-page","status-publish","hentry"],"jetpack_sharing_enabled":true,"_links":{"self":[{"href":"https:\/\/www.amdafir.com\/index.php\/wp-json\/wp\/v2\/pages\/19","targetHints":{"allow":["GET"]}}],"collection":[{"href":"https:\/\/www.amdafir.com\/index.php\/wp-json\/wp\/v2\/pages"}],"about":[{"href":"https:\/\/www.amdafir.com\/index.php\/wp-json\/wp\/v2\/types\/page"}],"author":[{"embeddable":true,"href":"https:\/\/www.amdafir.com\/index.php\/wp-json\/wp\/v2\/users\/2"}],"replies":[{"embeddable":true,"href":"https:\/\/www.amdafir.com\/index.php\/wp-json\/wp\/v2\/comments?post=19"}],"version-history":[{"count":2,"href":"https:\/\/www.amdafir.com\/index.php\/wp-json\/wp\/v2\/pages\/19\/revisions"}],"predecessor-version":[{"id":68,"href":"https:\/\/www.amdafir.com\/index.php\/wp-json\/wp\/v2\/pages\/19\/revisions\/68"}],"up":[{"embeddable":true,"href":"https:\/\/www.amdafir.com\/index.php\/wp-json\/wp\/v2\/pages\/10"}],"wp:attachment":[{"href":"https:\/\/www.amdafir.com\/index.php\/wp-json\/wp\/v2\/media?parent=19"}],"curies":[{"name":"wp","href":"https:\/\/api.w.org\/{rel}","templated":true}]}}