{"id":190,"date":"2019-07-24T17:19:44","date_gmt":"2019-07-24T15:19:44","guid":{"rendered":"http:\/\/www.amdafir.com\/?page_id=190"},"modified":"2019-07-24T17:41:17","modified_gmt":"2019-07-24T15:41:17","slug":"veille-strategique","status":"publish","type":"page","link":"https:\/\/www.amdafir.com\/index.php\/veille-strategique\/","title":{"rendered":"Veille Strat\u00e9gique"},"content":{"rendered":"\n<p>Objectifs:<\/p>\n\n\n\n<ul class=\"wp-block-list\"><li>Cerner les concepts cl\u00e9s li\u00e9s \u00e0 la veille <\/li><li>Comprendre et distinguer les diff\u00e9rents types de veille internationale<\/li><li>Cerner les sp\u00e9cificit\u00e9s de la veille internationale <\/li><li>Ma\u00eetriser le processus de veille internationale <\/li><\/ul>\n\n\n\n<p>Axes:<\/p>\n\n\n\n<ul class=\"wp-block-list\"><li>Veille internationale&nbsp;: d\u00e9finition et typologie<\/li><li>Processus de veille internationale<\/li><li>Mise en place d\u2019un dispositif de veille<\/li><li>La pratique de la veille internationale<\/li><\/ul>\n","protected":false},"excerpt":{"rendered":"<p>Objectifs: Cerner les concepts cl\u00e9s li\u00e9s \u00e0 la veille Comprendre et distinguer les diff\u00e9rents types de veille internationale Cerner les sp\u00e9cificit\u00e9s de la veille internationale Ma\u00eetriser le processus de veille internationale Axes: Veille internationale&nbsp;: d\u00e9finition et typologie Processus de veille internationale Mise en place d\u2019un dispositif de veille La pratique de la veille internationale<\/p>\n","protected":false},"author":2,"featured_media":0,"parent":0,"menu_order":0,"comment_status":"closed","ping_status":"closed","template":"","meta":{"iawp_total_views":36,"footnotes":""},"class_list":["post-190","page","type-page","status-publish","hentry"],"jetpack_sharing_enabled":true,"_links":{"self":[{"href":"https:\/\/www.amdafir.com\/index.php\/wp-json\/wp\/v2\/pages\/190","targetHints":{"allow":["GET"]}}],"collection":[{"href":"https:\/\/www.amdafir.com\/index.php\/wp-json\/wp\/v2\/pages"}],"about":[{"href":"https:\/\/www.amdafir.com\/index.php\/wp-json\/wp\/v2\/types\/page"}],"author":[{"embeddable":true,"href":"https:\/\/www.amdafir.com\/index.php\/wp-json\/wp\/v2\/users\/2"}],"replies":[{"embeddable":true,"href":"https:\/\/www.amdafir.com\/index.php\/wp-json\/wp\/v2\/comments?post=190"}],"version-history":[{"count":2,"href":"https:\/\/www.amdafir.com\/index.php\/wp-json\/wp\/v2\/pages\/190\/revisions"}],"predecessor-version":[{"id":199,"href":"https:\/\/www.amdafir.com\/index.php\/wp-json\/wp\/v2\/pages\/190\/revisions\/199"}],"wp:attachment":[{"href":"https:\/\/www.amdafir.com\/index.php\/wp-json\/wp\/v2\/media?parent=190"}],"curies":[{"name":"wp","href":"https:\/\/api.w.org\/{rel}","templated":true}]}}