{"id":2,"date":"2019-06-17T00:56:59","date_gmt":"2019-06-16T22:56:59","guid":{"rendered":"http:\/\/amdafir.com\/?page_id=2"},"modified":"2024-12-23T22:50:38","modified_gmt":"2024-12-23T21:50:38","slug":"presentation","status":"publish","type":"page","link":"https:\/\/www.amdafir.com\/","title":{"rendered":"Pr\u00e9sentation"},"content":{"rendered":"\n<p>Amine Dafir<\/p>\n\n\n\n<p>Professeur-chercheur \u00e0 l&rsquo;Universit\u00e9 Hassan II de Casablanca, reconnu pour son expertise en \u00e9conomie internationale, intelligence \u00e9conomique et commerce international. Titulaire d\u2019un doctorat en \u00e9conomie internationale de l\u2019Universit\u00e9 Mohamed V de Rabat, il a \u00e9galement acquis une solide exp\u00e9rience pratique en tant qu\u2019ex-inspecteur enqu\u00eateur \u00e0 l\u2019Administration des Douanes et Imp\u00f4ts Indirects \u00e0 Casablanca, o\u00f9 il a men\u00e9 des enqu\u00eates complexes sur les \u00e9changes commerciaux et les politiques douani\u00e8res<\/p>\n\n\n\n<p>Co-auteur de l\u2019ouvrage de r\u00e9f\u00e9rence \u00ab Logistique Internationale : Management des op\u00e9rations d\u2019import et d\u2019export \u00bb, il est \u00e9galement l\u2019auteur de plusieurs articles scientifiques portant sur des th\u00e9matiques telles que l\u2019intelligence \u00e9conomique, la diplomatie \u00e9conomique et la logistique internationale. Ces travaux d\u00e9montrent son engagement \u00e0 identifier et proposer des solutions innovantes pour l\u2019internationalisation des entreprises marocaines, notamment en Afrique subsaharienne.<\/p>\n\n\n\n<p>En collaboration avec des organismes reconnus tels que le Programme des Nations Unies pour le D\u00e9veloppement (UNDP) et l&rsquo;Institut Royal des Etudes Strat\u00e9giques (IRES), il a particip\u00e9 \u00e0 plusieurs missions strat\u00e9giques ax\u00e9es sur le renforcement des capacit\u00e9s institutionnelles, la promotion de l\u2019intelligence \u00e9conomique et l\u2019appui \u00e0 la comp\u00e9titivit\u00e9 des entreprises marocaines et africaines. Ces exp\u00e9riences ont enrichi sa compr\u00e9hension des dynamiques \u00e9conomiques globales et des m\u00e9canismes de coop\u00e9ration internationale.<\/p>\n\n\n\n<p>Il est membre de la chaire de l&rsquo;OMC de l&rsquo;Universit\u00e9 Mohamed V et de plusieurs centres d&rsquo;accompagnement des jeunes et des chercheurs. Il a \u00e9t\u00e9 \u00e9galement le correspondant au Maroc du Centre Africain de Veille et d\u2019Intelligence \u00c9conomique (CAVIE), o\u00f9 il a activement contribu\u00e9 \u00e0 la diffusion des pratiques de veille strat\u00e9gique et d\u2019intelligence \u00e9conomique sur le continent. Il a coordonn\u00e9 plusieurs \u00e9v\u00e9nements portant sur l&rsquo;intelligence \u00e9conomique et la logistique internationale avec des partenaires nationaux et internationaux.<\/p>\n\n\n\n<p>Son site internet vise \u00e0 partager des ressources p\u00e9dagogiques, des formations sp\u00e9cialis\u00e9es et des articles issus de ses travaux de recherche et de ses exp\u00e9riences terrain. Vos avis et suggestions sont les bienvenus via l\u2019onglet contact.<\/p>\n\n\n\n<figure class=\"wp-block-image size-large\"><img loading=\"lazy\" decoding=\"async\" width=\"1024\" height=\"878\" src=\"https:\/\/www.amdafir.com\/wp-content\/uploads\/2024\/12\/roi-1024x878.png\" alt=\"\" class=\"wp-image-547\" srcset=\"https:\/\/www.amdafir.com\/wp-content\/uploads\/2024\/12\/roi-1024x878.png 1024w, https:\/\/www.amdafir.com\/wp-content\/uploads\/2024\/12\/roi-300x257.png 300w, https:\/\/www.amdafir.com\/wp-content\/uploads\/2024\/12\/roi-768x658.png 768w, https:\/\/www.amdafir.com\/wp-content\/uploads\/2024\/12\/roi-1536x1317.png 1536w, https:\/\/www.amdafir.com\/wp-content\/uploads\/2024\/12\/roi-2048x1756.png 2048w, https:\/\/www.amdafir.com\/wp-content\/uploads\/2024\/12\/roi-1200x1029.png 1200w\" sizes=\"auto, (max-width: 1024px) 100vw, 1024px\" \/><\/figure>\n\n\n\n<p>Contact: amine.dafir@gmail.com<\/p>\n","protected":false},"excerpt":{"rendered":"<p>Amine Dafir Professeur-chercheur \u00e0 l&rsquo;Universit\u00e9 Hassan II de Casablanca, reconnu pour son expertise en \u00e9conomie internationale, intelligence \u00e9conomique et commerce international. Titulaire d\u2019un doctorat en \u00e9conomie internationale de l\u2019Universit\u00e9 Mohamed V de Rabat, il a \u00e9galement acquis une solide exp\u00e9rience pratique en tant qu\u2019ex-inspecteur enqu\u00eateur \u00e0 l\u2019Administration des Douanes et Imp\u00f4ts Indirects \u00e0 Casablanca, o\u00f9&hellip;<\/p>\n","protected":false},"author":2,"featured_media":0,"parent":0,"menu_order":0,"comment_status":"closed","ping_status":"open","template":"","meta":{"iawp_total_views":3252,"footnotes":""},"class_list":["post-2","page","type-page","status-publish","hentry"],"jetpack_sharing_enabled":true,"_links":{"self":[{"href":"https:\/\/www.amdafir.com\/index.php\/wp-json\/wp\/v2\/pages\/2","targetHints":{"allow":["GET"]}}],"collection":[{"href":"https:\/\/www.amdafir.com\/index.php\/wp-json\/wp\/v2\/pages"}],"about":[{"href":"https:\/\/www.amdafir.com\/index.php\/wp-json\/wp\/v2\/types\/page"}],"author":[{"embeddable":true,"href":"https:\/\/www.amdafir.com\/index.php\/wp-json\/wp\/v2\/users\/2"}],"replies":[{"embeddable":true,"href":"https:\/\/www.amdafir.com\/index.php\/wp-json\/wp\/v2\/comments?post=2"}],"version-history":[{"count":18,"href":"https:\/\/www.amdafir.com\/index.php\/wp-json\/wp\/v2\/pages\/2\/revisions"}],"predecessor-version":[{"id":548,"href":"https:\/\/www.amdafir.com\/index.php\/wp-json\/wp\/v2\/pages\/2\/revisions\/548"}],"wp:attachment":[{"href":"https:\/\/www.amdafir.com\/index.php\/wp-json\/wp\/v2\/media?parent=2"}],"curies":[{"name":"wp","href":"https:\/\/api.w.org\/{rel}","templated":true}]}}