{"id":21,"date":"2019-06-17T16:50:36","date_gmt":"2019-06-17T14:50:36","guid":{"rendered":"http:\/\/amdafir.com\/?page_id=21"},"modified":"2019-06-22T22:41:10","modified_gmt":"2019-06-22T20:41:10","slug":"entretiens-et-articles","status":"publish","type":"page","link":"https:\/\/www.amdafir.com\/index.php\/publications\/entretiens-et-articles\/","title":{"rendered":"Entretiens et articles"},"content":{"rendered":"\n<ul class=\"wp-block-list\"><li>\u00ab\u00a0Le Maroc \u00e0 l&rsquo;assaut de l&rsquo;Afrique : r\u00f4le de la diplomatie \u00e9conomique\u00a0\u00bb, <strong>Les \u00c9chos<\/strong>, 29 juin 2012.  <a href=\"http:\/\/archives.lesechos.fr\/archives\/cercle\/2012\/06\/29\/cercle_48200.htm\">http:\/\/archives.lesechos.fr\/archives\/cercle\/2012\/06\/29\/cercle_48200.htm<\/a> <\/li><\/ul>\n\n\n\n<ul class=\"wp-block-list\"><li>\u00ab\u00a0Le Maroc et la n\u00e9gociation de l\u2019ALECA avec l\u2019UE, quels int\u00e9r\u00eats ? \u00ab\u00a0, <strong>les inspirations Eco<\/strong>, 13 F\u00e9vrier 2014. <\/li><\/ul>\n\n\n\n<ul class=\"wp-block-list\"><li>\u201cTrouver les bons leviers d&rsquo;action pour nos PME\u201d. <strong>Aufait Maroc<\/strong>, 26 Mai 2013.<\/li><\/ul>\n\n\n\n<ul class=\"wp-block-list\"><li>L\u2019intelligence \u00e9conomique, un outil puissant pour les entreprises. <strong>Aujourd\u2019hui le Maroc. <\/strong>20 Novembre 2018:  <a href=\"http:\/\/aujourdhui.ma\/emploi\/lintelligence-economique-un-outil-puissant-pour-les-entreprises\">http:\/\/aujourdhui.ma\/emploi\/lintelligence-economique-un-outil-puissant-pour-les-entreprises<\/a> <\/li><\/ul>\n\n\n\n<ul class=\"wp-block-list\"><li>Le business, fer de lance de la diplomatie marocaine en Afrique. <strong>AFP.<\/strong> 2 d\u00e9cembre 2016.  <a href=\"https:\/\/www.medias24.com\/MAROC\/NATION\/169068-Le-business-fer-de-lance-de-la-diplomatie-marocaine-en-Afrique.html\">https:\/\/www.medias24.com\/MAROC\/NATION\/169068-Le-business-fer-de-lance-de-la-diplomatie-marocaine-en-Afrique.html<\/a> <\/li><\/ul>\n\n\n\n<ul class=\"wp-block-list\"><li> \u00ab\u00a0Le Maroc sur le point d\u2019int\u00e9grer la Cedeao\u00a0\u00bb LA CROIX. 16 Aout 2017: <a href=\"https:\/\/www.la-croix.com\/Economie\/Monde\/Le-Maroc-point-dintegrer-Cedeao-2017-08-16-1200869992\">https:\/\/www.la-croix.com\/Economie\/Monde\/Le-Maroc-point-dintegrer-Cedeao-2017-08-16-1200869992<\/a> <\/li><\/ul>\n\n\n\n<p><\/p>\n","protected":false},"excerpt":{"rendered":"<p>\u00ab\u00a0Le Maroc \u00e0 l&rsquo;assaut de l&rsquo;Afrique : r\u00f4le de la diplomatie \u00e9conomique\u00a0\u00bb, Les \u00c9chos, 29 juin 2012. http:\/\/archives.lesechos.fr\/archives\/cercle\/2012\/06\/29\/cercle_48200.htm \u00ab\u00a0Le Maroc et la n\u00e9gociation de l\u2019ALECA avec l\u2019UE, quels int\u00e9r\u00eats ? \u00ab\u00a0, les inspirations Eco, 13 F\u00e9vrier 2014. \u201cTrouver les bons leviers d&rsquo;action pour nos PME\u201d. Aufait Maroc, 26 Mai 2013. L\u2019intelligence \u00e9conomique, un outil puissant&hellip;<\/p>\n","protected":false},"author":2,"featured_media":0,"parent":10,"menu_order":0,"comment_status":"closed","ping_status":"closed","template":"","meta":{"iawp_total_views":80,"footnotes":""},"class_list":["post-21","page","type-page","status-publish","hentry"],"jetpack_sharing_enabled":true,"_links":{"self":[{"href":"https:\/\/www.amdafir.com\/index.php\/wp-json\/wp\/v2\/pages\/21","targetHints":{"allow":["GET"]}}],"collection":[{"href":"https:\/\/www.amdafir.com\/index.php\/wp-json\/wp\/v2\/pages"}],"about":[{"href":"https:\/\/www.amdafir.com\/index.php\/wp-json\/wp\/v2\/types\/page"}],"author":[{"embeddable":true,"href":"https:\/\/www.amdafir.com\/index.php\/wp-json\/wp\/v2\/users\/2"}],"replies":[{"embeddable":true,"href":"https:\/\/www.amdafir.com\/index.php\/wp-json\/wp\/v2\/comments?post=21"}],"version-history":[{"count":4,"href":"https:\/\/www.amdafir.com\/index.php\/wp-json\/wp\/v2\/pages\/21\/revisions"}],"predecessor-version":[{"id":92,"href":"https:\/\/www.amdafir.com\/index.php\/wp-json\/wp\/v2\/pages\/21\/revisions\/92"}],"up":[{"embeddable":true,"href":"https:\/\/www.amdafir.com\/index.php\/wp-json\/wp\/v2\/pages\/10"}],"wp:attachment":[{"href":"https:\/\/www.amdafir.com\/index.php\/wp-json\/wp\/v2\/media?parent=21"}],"curies":[{"name":"wp","href":"https:\/\/api.w.org\/{rel}","templated":true}]}}