{"id":212,"date":"2019-08-24T02:06:28","date_gmt":"2019-08-24T00:06:28","guid":{"rendered":"http:\/\/www.amdafir.com\/?page_id=212"},"modified":"2025-01-04T00:44:54","modified_gmt":"2025-01-03T23:44:54","slug":"points-de-vente","status":"publish","type":"page","link":"https:\/\/www.amdafir.com\/index.php\/points-de-vente\/","title":{"rendered":"Logistique Internationale:Version Fran\u00e7aise"},"content":{"rendered":"<div class=\"wp-block-image\">\n<figure class=\"aligncenter is-resized\"><img loading=\"lazy\" decoding=\"async\" width=\"422\" height=\"529\" src=\"http:\/\/www.amdafir.com\/wp-content\/uploads\/2019\/07\/couverture-dafir-2.jpg\" alt=\"\" class=\"wp-image-103\" style=\"width:412px;height:517px\" srcset=\"https:\/\/www.amdafir.com\/wp-content\/uploads\/2019\/07\/couverture-dafir-2.jpg 422w, https:\/\/www.amdafir.com\/wp-content\/uploads\/2019\/07\/couverture-dafir-2-239x300.jpg 239w, https:\/\/www.amdafir.com\/wp-content\/uploads\/2019\/07\/couverture-dafir-2-160x200.jpg 160w\" sizes=\"auto, (max-width: 422px) 100vw, 422px\" \/><figcaption class=\"wp-element-caption\"> <strong>Amine DAFIR et Younes BOUMAAZ<\/strong> 2019<\/figcaption><\/figure>\n<\/div>\n\n\n<h4 class=\"wp-block-heading has-text-align-left\"> <strong>LOGISTIQUE INTERNATIONALE<\/strong> :  <\/h4>\n\n\n\n<h4 class=\"wp-block-heading has-text-align-left\"><strong>Management des op\u00e9rations <\/strong><\/h4>\n\n\n\n<h4 class=\"wp-block-heading has-text-align-left\"><strong>d&rsquo;import et d&rsquo;export<\/strong>  <\/h4>\n\n\n\n<h4 class=\"wp-block-heading has-text-align-left\"><strong><span class=\"has-inline-color has-vivid-red-color\">Rupture de Stock <\/span><\/strong><\/h4>\n\n\n\n<ul class=\"wp-block-list\">\n<li><strong>D\u00e9p\u00f4t L\u00e9gal : 2019MO3637\u00a0<\/strong><\/li>\n\n\n\n<li><strong>ISBN :\u00a0\u00a0\u00a0 978-9920-38-174-1<\/strong> <\/li>\n\n\n\n<li><strong>Nombre de page: 272<\/strong><\/li>\n\n\n\n<li><strong>Prix: 120 Dhs<\/strong><\/li>\n\n\n\n<li><strong>Imprimerie: EL MAARIF AL JADIDA<\/strong><\/li>\n<\/ul>\n\n\n\n<ul id=\"block-8e7a608c-aebf-4f43-ae64-ae486fa50284\" class=\"wp-block-list\">\n<li><strong>Pr\u00e9sentation:<\/strong><\/li>\n\n\n\n<li>Un contenu directement op\u00e9rationnel au quotidien.<\/li>\n\n\n\n<li>Une pr\u00e9sentation synth\u00e9tique et visuelle.<\/li>\n\n\n\n<li>Les r\u00e9f\u00e9rences cl\u00e9s pour aller plus loin.<\/li>\n<\/ul>\n\n\n<div class=\"_df_book df-lite\" id=\"df_134\"  _slug=\"ouvrage-logistique-internationale\" data-title=\"ouvrage-logistique-internationale\" wpoptions=\"true\" thumb=\"http:\/\/www.amdafir.com\/wp-content\/uploads\/2019\/07\/couverture-dafir-2.jpg\" thumbtype=\"\" ><\/div><script class=\"df-shortcode-script\" nowprocket type=\"application\/javascript\">window.option_df_134 = {\"outline\":[],\"autoEnableOutline\":\"false\",\"autoEnableThumbnail\":\"false\",\"overwritePDFOutline\":\"false\",\"direction\":\"1\",\"pageMode\":\"0\",\"source\":\"http:\\\/\\\/www.amdafir.com\\\/wp-content\\\/uploads\\\/2019\\\/07\\\/Logistique-internationale.pdf\",\"wpOptions\":\"true\"}; if(window.DFLIP && window.DFLIP.parseBooks){window.DFLIP.parseBooks();}<\/script>\n\n\n\n<p><em>Comment une entreprise\npeut-elle r\u00e9ussir la conqu\u00eate \u00e0 l\u2019international<\/em><em>\u2009<\/em><em>? Comment la gestion des achats\ns\u2019effectue \u00e0 l\u2019international<\/em><em>\u2009<\/em><em>? Comment le transport\ninternational est-il organis\u00e9<\/em><em>\u2009<\/em><em>? Comment conduire les\ndiff\u00e9rentes \u00e9tapes d\u2019une op\u00e9ration d\u2019import et d\u2019export<\/em><em>\u2009<\/em><em>? Comment r\u00e9ussir une gestion\nefficace des op\u00e9rations d\u2019import et d\u2019export<\/em><em>\u2009<\/em><em>? Comment ma\u00eetriser les\ntechniques de d\u00e9douanement<\/em><em>\u2009<\/em><em>? Comment rechercher et trouver\ndes solutions ad\u00e9quates aux op\u00e9rations du paiement \u00e0 l\u2019international<\/em><em>\u2009<\/em><em>? \u2026<\/em><\/p>\n\n\n\n<p>D\u00e9couvrez les outils, m\u00e9thodes, d\u00e9marches et\nrecommandations indispensables tout au long d\u2019une op\u00e9ration d\u2019import et\nd\u2019export. Chaque aspect est trait\u00e9 sur trois \u00e0 six pages, avec le contexte\nd\u2019utilisation, des conseils m\u00e9thodologiques, des sch\u00e9mas visuels, les avantages\net pr\u00e9cautions \u00e0 prendre et, pour certains, un approfondissement et un cas\nd\u2019entreprise comment\u00e9. Vous trouverez dans ce livre les instruments dont vous\navez besoin pour conduire votre op\u00e9ration d\u2019import et d\u2019export de mani\u00e8re\nprofessionnelle et efficace.<\/p>\n\n\n\n<p><strong>Publics&nbsp;:\n<\/strong><\/p>\n\n\n\n<ul class=\"wp-block-list\">\n<li>Consultants externes ou internes.<\/li>\n\n\n\n<li>Commissionnaires en douane, Responsables et Op\u00e9rateurs dans le domaine du commerce international.<\/li>\n\n\n\n<li>\u00c9tudiants et chercheurs.<\/li>\n<\/ul>\n\n\n\n<p class=\"has-text-align-center has-vivid-cyan-blue-color has-text-color has-medium-font-size\"><span class=\"has-inline-color has-vivid-red-color\">L&rsquo;ouvrage est en rupture de stock depuis quelques mois. Un nouveau livre est disponible <\/span><\/p>\n\n\n\n<div class=\"wp-block-jetpack-tiled-gallery aligncenter is-style-rectangular\"><div class=\"\"><div class=\"tiled-gallery__gallery\"><div class=\"tiled-gallery__row\"><div class=\"tiled-gallery__col\" style=\"flex-basis:33.49219%\"><figure class=\"tiled-gallery__item\"><img decoding=\"async\" srcset=\"https:\/\/i0.wp.com\/www.amdafir.com\/wp-content\/uploads\/2025\/01\/livre-2025-2-773x1024.png?strip=info&#038;w=600&#038;ssl=1 600w,https:\/\/i0.wp.com\/www.amdafir.com\/wp-content\/uploads\/2025\/01\/livre-2025-2-773x1024.png?strip=info&#038;w=826&#038;ssl=1 826w\" alt=\"\" data-height=\"1094\" data-id=\"602\" data-link=\"https:\/\/www.amdafir.com\/index.php\/points-de-vente\/livre-2025-3\/#main\" data-url=\"https:\/\/www.amdafir.com\/wp-content\/uploads\/2025\/01\/livre-2025-2-773x1024.png\" data-width=\"826\" src=\"https:\/\/i0.wp.com\/www.amdafir.com\/wp-content\/uploads\/2025\/01\/livre-2025-2-773x1024.png?ssl=1\" data-amp-layout=\"responsive\" tabindex=\"0\" role=\"button\" aria-label=\"Ouvrir l\u2019image 1 sur 2 en plein \u00e9cran\"\/><\/figure><\/div><div class=\"tiled-gallery__col\" style=\"flex-basis:66.50781%\"><figure class=\"tiled-gallery__item\"><img decoding=\"async\" srcset=\"https:\/\/i0.wp.com\/www.amdafir.com\/wp-content\/uploads\/2025\/01\/Couverture-1-1-1024x682.jpeg?strip=info&#038;w=600&#038;ssl=1 600w,https:\/\/i0.wp.com\/www.amdafir.com\/wp-content\/uploads\/2025\/01\/Couverture-1-1-1024x682.jpeg?strip=info&#038;w=900&#038;ssl=1 900w,https:\/\/i0.wp.com\/www.amdafir.com\/wp-content\/uploads\/2025\/01\/Couverture-1-1-1024x682.jpeg?strip=info&#038;w=1200&#038;ssl=1 1200w,https:\/\/i0.wp.com\/www.amdafir.com\/wp-content\/uploads\/2025\/01\/Couverture-1-1-1024x682.jpeg?strip=info&#038;w=1277&#038;ssl=1 1277w\" alt=\"\" data-height=\"850\" data-id=\"603\" data-link=\"https:\/\/www.amdafir.com\/index.php\/points-de-vente\/couverture-1-1-2\/#main\" data-url=\"https:\/\/www.amdafir.com\/wp-content\/uploads\/2025\/01\/Couverture-1-1-1024x682.jpeg\" data-width=\"1277\" src=\"https:\/\/i0.wp.com\/www.amdafir.com\/wp-content\/uploads\/2025\/01\/Couverture-1-1-1024x682.jpeg?ssl=1\" data-amp-layout=\"responsive\" tabindex=\"0\" role=\"button\" aria-label=\"Ouvrir l\u2019image 2 sur 2 en plein \u00e9cran\"\/><\/figure><\/div><\/div><\/div><\/div><\/div>\n","protected":false},"excerpt":{"rendered":"<p>LOGISTIQUE INTERNATIONALE : Management des op\u00e9rations d&rsquo;import et d&rsquo;export Rupture de Stock Comment une entreprise peut-elle r\u00e9ussir la conqu\u00eate \u00e0 l\u2019international\u2009? Comment la gestion des achats s\u2019effectue \u00e0 l\u2019international\u2009? Comment le transport international est-il organis\u00e9\u2009? Comment conduire les diff\u00e9rentes \u00e9tapes d\u2019une op\u00e9ration d\u2019import et d\u2019export\u2009? Comment r\u00e9ussir une gestion efficace des op\u00e9rations d\u2019import et d\u2019export\u2009?&hellip;<\/p>\n","protected":false},"author":2,"featured_media":0,"parent":0,"menu_order":0,"comment_status":"closed","ping_status":"closed","template":"","meta":{"iawp_total_views":750,"footnotes":""},"class_list":["post-212","page","type-page","status-publish","hentry"],"jetpack_sharing_enabled":true,"_links":{"self":[{"href":"https:\/\/www.amdafir.com\/index.php\/wp-json\/wp\/v2\/pages\/212","targetHints":{"allow":["GET"]}}],"collection":[{"href":"https:\/\/www.amdafir.com\/index.php\/wp-json\/wp\/v2\/pages"}],"about":[{"href":"https:\/\/www.amdafir.com\/index.php\/wp-json\/wp\/v2\/types\/page"}],"author":[{"embeddable":true,"href":"https:\/\/www.amdafir.com\/index.php\/wp-json\/wp\/v2\/users\/2"}],"replies":[{"embeddable":true,"href":"https:\/\/www.amdafir.com\/index.php\/wp-json\/wp\/v2\/comments?post=212"}],"version-history":[{"count":13,"href":"https:\/\/www.amdafir.com\/index.php\/wp-json\/wp\/v2\/pages\/212\/revisions"}],"predecessor-version":[{"id":604,"href":"https:\/\/www.amdafir.com\/index.php\/wp-json\/wp\/v2\/pages\/212\/revisions\/604"}],"wp:attachment":[{"href":"https:\/\/www.amdafir.com\/index.php\/wp-json\/wp\/v2\/media?parent=212"}],"curies":[{"name":"wp","href":"https:\/\/api.w.org\/{rel}","templated":true}]}}