{"id":215,"date":"2019-08-24T02:10:49","date_gmt":"2019-08-24T00:10:49","guid":{"rendered":"http:\/\/www.amdafir.com\/?page_id=215"},"modified":"2025-01-04T00:46:33","modified_gmt":"2025-01-03T23:46:33","slug":"commander","status":"publish","type":"page","link":"https:\/\/www.amdafir.com\/index.php\/commander\/","title":{"rendered":"Commander"},"content":{"rendered":"<p><!--StartFragment--><\/p>\n\n\n<p class=\"has-text-align-center has-vivid-cyan-blue-color has-text-color has-medium-font-size\"><strong>Pour commander le livre, merci de nous contacter par email \u00e0 l&rsquo;adresse :<\/strong><\/p>\n\n\n\n<p>amine.dafir@gmail.com<\/p>\n\n\n\n<p><strong><mark>Sinon, pour commander votre copie et b\u00e9n\u00e9ficier de la livraison, il est possible de remplir le formulaire ci-apr\u00e8s:<\/mark><\/strong><\/p>\n\n\n\n<p><a href=\"https:\/\/forms.gle\/exMi9gCWJhoAKvF37\">https:\/\/forms.gle\/exMi9gCWJhoAKvF37<\/a><\/p>\n\n\n\n\n<p><!--EndFragment--><\/p>\n\n\n<p><\/p>\n","protected":false},"excerpt":{"rendered":"<p>Pour commander le livre, merci de nous contacter par email \u00e0 l&rsquo;adresse : amine.dafir@gmail.com Sinon, pour commander votre copie et b\u00e9n\u00e9ficier de la livraison, il est possible de remplir le formulaire ci-apr\u00e8s: https:\/\/forms.gle\/exMi9gCWJhoAKvF37<\/p>\n","protected":false},"author":2,"featured_media":0,"parent":0,"menu_order":0,"comment_status":"closed","ping_status":"closed","template":"","meta":{"iawp_total_views":133,"footnotes":""},"class_list":["post-215","page","type-page","status-publish","hentry"],"jetpack_sharing_enabled":true,"_links":{"self":[{"href":"https:\/\/www.amdafir.com\/index.php\/wp-json\/wp\/v2\/pages\/215","targetHints":{"allow":["GET"]}}],"collection":[{"href":"https:\/\/www.amdafir.com\/index.php\/wp-json\/wp\/v2\/pages"}],"about":[{"href":"https:\/\/www.amdafir.com\/index.php\/wp-json\/wp\/v2\/types\/page"}],"author":[{"embeddable":true,"href":"https:\/\/www.amdafir.com\/index.php\/wp-json\/wp\/v2\/users\/2"}],"replies":[{"embeddable":true,"href":"https:\/\/www.amdafir.com\/index.php\/wp-json\/wp\/v2\/comments?post=215"}],"version-history":[{"count":8,"href":"https:\/\/www.amdafir.com\/index.php\/wp-json\/wp\/v2\/pages\/215\/revisions"}],"predecessor-version":[{"id":605,"href":"https:\/\/www.amdafir.com\/index.php\/wp-json\/wp\/v2\/pages\/215\/revisions\/605"}],"wp:attachment":[{"href":"https:\/\/www.amdafir.com\/index.php\/wp-json\/wp\/v2\/media?parent=215"}],"curies":[{"name":"wp","href":"https:\/\/api.w.org\/{rel}","templated":true}]}}