{"id":305,"date":"2020-04-20T17:47:36","date_gmt":"2020-04-20T15:47:36","guid":{"rendered":"http:\/\/www.amdafir.com\/?page_id=305"},"modified":"2020-04-20T17:47:36","modified_gmt":"2020-04-20T15:47:36","slug":"logistique-internationale-etapes-et-gestion-documentaire","status":"publish","type":"page","link":"https:\/\/www.amdafir.com\/index.php\/logistique-internationale-etapes-et-gestion-documentaire\/","title":{"rendered":"Logistique Internationale: \u00e9tapes et gestion documentaire"},"content":{"rendered":"\n<p>Merci de trouver Ci-apr\u00e8s un fichier contenant les diff\u00e9rentes \u00e9tapes d&rsquo;une op\u00e9ration import ou export dans le cas du Maroc en plus des documents n\u00e9cessaires pour la r\u00e9alisation de ces op\u00e9rations.<\/p>\n\n\n\n<p>Bonne lecture.<\/p>\n\n\n\n<div class=\"wp-block-file\"><a href=\"http:\/\/www.amdafir.com\/wp-content\/uploads\/2020\/04\/Ouvrage-logistique-internationale.pdf\">Ouvrage-logistique-internationale<\/a><a href=\"http:\/\/www.amdafir.com\/wp-content\/uploads\/2020\/04\/Ouvrage-logistique-internationale.pdf\" class=\"wp-block-file__button\" download>T\u00e9l\u00e9charger<\/a><\/div>\n\n\n\n<p>D&rsquo;autres documents seront mis \u00e0 votre disposition sur notre page Facebook ou via Linkedin.<\/p>\n","protected":false},"excerpt":{"rendered":"<p>Merci de trouver Ci-apr\u00e8s un fichier contenant les diff\u00e9rentes \u00e9tapes d&rsquo;une op\u00e9ration import ou export dans le cas du Maroc en plus des documents n\u00e9cessaires pour la r\u00e9alisation de ces op\u00e9rations. Bonne lecture. D&rsquo;autres documents seront mis \u00e0 votre disposition sur notre page Facebook ou via Linkedin.<\/p>\n","protected":false},"author":2,"featured_media":0,"parent":0,"menu_order":0,"comment_status":"closed","ping_status":"closed","template":"","meta":{"iawp_total_views":215,"footnotes":""},"class_list":["post-305","page","type-page","status-publish","hentry"],"jetpack_sharing_enabled":true,"_links":{"self":[{"href":"https:\/\/www.amdafir.com\/index.php\/wp-json\/wp\/v2\/pages\/305","targetHints":{"allow":["GET"]}}],"collection":[{"href":"https:\/\/www.amdafir.com\/index.php\/wp-json\/wp\/v2\/pages"}],"about":[{"href":"https:\/\/www.amdafir.com\/index.php\/wp-json\/wp\/v2\/types\/page"}],"author":[{"embeddable":true,"href":"https:\/\/www.amdafir.com\/index.php\/wp-json\/wp\/v2\/users\/2"}],"replies":[{"embeddable":true,"href":"https:\/\/www.amdafir.com\/index.php\/wp-json\/wp\/v2\/comments?post=305"}],"version-history":[{"count":1,"href":"https:\/\/www.amdafir.com\/index.php\/wp-json\/wp\/v2\/pages\/305\/revisions"}],"predecessor-version":[{"id":308,"href":"https:\/\/www.amdafir.com\/index.php\/wp-json\/wp\/v2\/pages\/305\/revisions\/308"}],"wp:attachment":[{"href":"https:\/\/www.amdafir.com\/index.php\/wp-json\/wp\/v2\/media?parent=305"}],"curies":[{"name":"wp","href":"https:\/\/api.w.org\/{rel}","templated":true}]}}