{"id":317,"date":"2020-04-27T18:10:28","date_gmt":"2020-04-27T16:10:28","guid":{"rendered":"http:\/\/www.amdafir.com\/?page_id=317"},"modified":"2020-04-27T18:10:28","modified_gmt":"2020-04-27T16:10:28","slug":"la-crise-du-covid-19-quelle-relance-prevue","status":"publish","type":"page","link":"https:\/\/www.amdafir.com\/index.php\/la-crise-du-covid-19-quelle-relance-prevue\/","title":{"rendered":"La crise du Covid 19: Quelle relance pr\u00e9vue?"},"content":{"rendered":"\n<p>Depuis le d\u00e9clenchement de la crise sanitaire du COVID 19, les \u00e9conomistes ont pr\u00e9sent\u00e9 un v\u00e9ritable inventaire des cons\u00e9quences dommageables pour notre \u00e9conomie. Mais pour mieux faire face \u00e0 cette crise, il va falloir faire preuve de r\u00e9silience, d\u2019optimisme, voire anticiper l\u2019apr\u00e8s-Covid-19. <\/p>\n\n\n\n<p>En effet, l\u2019Eslsca Rabat \u00e0 organis\u00e9 un webinaire anim\u00e9 par le pr. Amine DAFIR et qui avait pour objectif de se livrer \u00e0 un exercice prospectif en pr\u00e9sentant les diff\u00e9rentes pistes de relance possibles pour les secteurs d\u2019activit\u00e9 touch\u00e9s par cette crise.<\/p>\n\n\n\n<div class=\"wp-block-file\"><a href=\"http:\/\/www.amdafir.com\/wp-content\/uploads\/2020\/04\/covid-quelle-relance.pdf\">covid-quelle-relance pour l&rsquo;\u00e9conomie marocaine<\/a><a href=\"http:\/\/www.amdafir.com\/wp-content\/uploads\/2020\/04\/covid-quelle-relance.pdf\" class=\"wp-block-file__button\" download>T\u00e9l\u00e9charger<\/a><\/div>\n\n\n\n<figure class=\"wp-block-image\"><img loading=\"lazy\" decoding=\"async\" width=\"800\" height=\"800\" src=\"http:\/\/www.amdafir.com\/wp-content\/uploads\/2020\/04\/0-2.jpeg\" alt=\"\" class=\"wp-image-318\" srcset=\"https:\/\/www.amdafir.com\/wp-content\/uploads\/2020\/04\/0-2.jpeg 800w, https:\/\/www.amdafir.com\/wp-content\/uploads\/2020\/04\/0-2-150x150.jpeg 150w, https:\/\/www.amdafir.com\/wp-content\/uploads\/2020\/04\/0-2-300x300.jpeg 300w, https:\/\/www.amdafir.com\/wp-content\/uploads\/2020\/04\/0-2-768x768.jpeg 768w, https:\/\/www.amdafir.com\/wp-content\/uploads\/2020\/04\/0-2-200x200.jpeg 200w, https:\/\/www.amdafir.com\/wp-content\/uploads\/2020\/04\/0-2-600x600.jpeg 600w\" sizes=\"auto, (max-width: 800px) 100vw, 800px\" \/><\/figure>\n","protected":false},"excerpt":{"rendered":"<p>Depuis le d\u00e9clenchement de la crise sanitaire du COVID 19, les \u00e9conomistes ont pr\u00e9sent\u00e9 un v\u00e9ritable inventaire des cons\u00e9quences dommageables pour notre \u00e9conomie. Mais pour mieux faire face \u00e0 cette crise, il va falloir faire preuve de r\u00e9silience, d\u2019optimisme, voire anticiper l\u2019apr\u00e8s-Covid-19. En effet, l\u2019Eslsca Rabat \u00e0 organis\u00e9 un webinaire anim\u00e9 par le pr. Amine&hellip;<\/p>\n","protected":false},"author":2,"featured_media":0,"parent":0,"menu_order":0,"comment_status":"closed","ping_status":"closed","template":"","meta":{"iawp_total_views":19,"footnotes":""},"class_list":["post-317","page","type-page","status-publish","hentry"],"jetpack_sharing_enabled":true,"_links":{"self":[{"href":"https:\/\/www.amdafir.com\/index.php\/wp-json\/wp\/v2\/pages\/317","targetHints":{"allow":["GET"]}}],"collection":[{"href":"https:\/\/www.amdafir.com\/index.php\/wp-json\/wp\/v2\/pages"}],"about":[{"href":"https:\/\/www.amdafir.com\/index.php\/wp-json\/wp\/v2\/types\/page"}],"author":[{"embeddable":true,"href":"https:\/\/www.amdafir.com\/index.php\/wp-json\/wp\/v2\/users\/2"}],"replies":[{"embeddable":true,"href":"https:\/\/www.amdafir.com\/index.php\/wp-json\/wp\/v2\/comments?post=317"}],"version-history":[{"count":1,"href":"https:\/\/www.amdafir.com\/index.php\/wp-json\/wp\/v2\/pages\/317\/revisions"}],"predecessor-version":[{"id":321,"href":"https:\/\/www.amdafir.com\/index.php\/wp-json\/wp\/v2\/pages\/317\/revisions\/321"}],"wp:attachment":[{"href":"https:\/\/www.amdafir.com\/index.php\/wp-json\/wp\/v2\/media?parent=317"}],"curies":[{"name":"wp","href":"https:\/\/api.w.org\/{rel}","templated":true}]}}