{"id":6,"date":"2019-06-17T16:46:51","date_gmt":"2019-06-17T14:46:51","guid":{"rendered":"http:\/\/amdafir.com\/?page_id=6"},"modified":"2024-12-23T23:11:04","modified_gmt":"2024-12-23T22:11:04","slug":"experiences-professionnelles","status":"publish","type":"page","link":"https:\/\/www.amdafir.com\/index.php\/presentation\/experiences-professionnelles\/","title":{"rendered":"Exp\u00e9riences Professionnelles"},"content":{"rendered":"\n<div class=\"wp-block-columns is-layout-flex wp-container-core-columns-is-layout-9d6595d7 wp-block-columns-is-layout-flex\">\n<div class=\"wp-block-column is-layout-flow wp-block-column-is-layout-flow\" style=\"flex-basis:33.33%\">\n<p><strong>Depuis 2014<\/strong><\/p>\n\n\n\n<p><\/p>\n<\/div>\n\n\n\n<div class=\"wp-block-column is-layout-flow wp-block-column-is-layout-flow\" style=\"flex-basis:66.66%\">\n<ul class=\"wp-block-list\">\n<li><strong>Enseignant chercheur <\/strong>\u00e0 L\u2019Universit\u00e9 Hassan II Casablanca.<\/li>\n\n\n\n<li>Directeur Adjoint du Laboratoire LARNED<\/li>\n\n\n\n<li>Chef d&rsquo;\u00e9quipe en intelligence et comp\u00e9titivit\u00e9<\/li>\n<\/ul>\n\n\n\n<p><strong>Mati\u00e8res enseign\u00e9es&nbsp;:<\/strong><\/p>\n\n\n\n<ul class=\"wp-block-list\">\n<li>Logistique Internationale (niveau master)<\/li>\n\n\n\n<li>G\u00e9opolitique de l\u2019Afrique (Niveau master)<\/li>\n\n\n\n<li>Commerce International (Niveau Master)<\/li>\n\n\n\n<li>Analyse des Politiques Publiques (Niveau master)<\/li>\n\n\n\n<li>Probl\u00e8mes \u00e9conomiques et sociaux (Niveau Licence)<\/li>\n\n\n\n<li>Micro\u00e9conomie (niveau licence)<\/li>\n\n\n\n<li>\u00c9conomie Internationale (niveau licence)<\/li>\n\n\n\n<li>Intelligence Economique (Niveau Master)<\/li>\n\n\n\n<li>Statistique descriptive (niveau licence)<\/li>\n\n\n\n<li>Participation \u00e0 l\u2019encadrement de plusieurs travaux portant sur l\u2019OMC, la CEDEAO, la ZLECAF, la facilitation des \u00e9changes, le softpower, l\u2019intelligence \u00e9conomique.<\/li>\n\n\n\n<li>Auteur de trois ouvrages en Logistique internationale<\/li>\n<\/ul>\n<\/div>\n<\/div>\n\n\n\n<div class=\"wp-block-columns is-layout-flex wp-container-core-columns-is-layout-9d6595d7 wp-block-columns-is-layout-flex\">\n<div class=\"wp-block-column is-layout-flow wp-block-column-is-layout-flow\" style=\"flex-basis:33.33%\">\n<p><\/p>\n\n\n\n<p><strong>2021\/2022<\/strong><\/p>\n<\/div>\n\n\n\n<div class=\"wp-block-column is-layout-flow wp-block-column-is-layout-flow\" style=\"flex-basis:66.66%\">\n<ul class=\"wp-block-list\">\n<li><strong>Consultant international aupr\u00e8s du PNUD sur la cha\u00eene d&rsquo;approvisionnement et la facilitation douani\u00e8re<\/strong><\/li>\n\n\n\n<li>D\u00e9finition des flux de proc\u00e9dures et de traitement li\u00e9s au commerce et aux douanes conform\u00e9ment aux pratiques et normes internationales avec l&rsquo;application des meilleures pratiques internationales.<\/li>\n\n\n\n<li>Organisation de sessions de coaching pour les coop\u00e9ratives cibles.<\/li>\n\n\n\n<li>Pr\u00e9paration d\u2019un guide pratique des proc\u00e9dures douani\u00e8res au profit des coop\u00e9ratives.<\/li>\n\n\n\n<li>Conception d\u2019un cadre d&rsquo;\u00e9valuation des performances pour suivre la mise en \u0153uvre et les r\u00e9sultats des mesures de promotion des exportations dans les coop\u00e9ratives cibles en lien avec la cha\u00eene d&rsquo;approvisionnement internationale.<\/li>\n\n\n\n<li>Formulation des recommandations politiques en partenariat\/consultation avec les autorit\u00e9s nationales et le secteur priv\u00e9 pour l&rsquo;adoption de proc\u00e9dures commerciales simplifi\u00e9es.<\/li>\n\n\n\n<li>Finalisation d&rsquo;une analyse th\u00e9matique des politiques et r\u00e9glementations commerciales et douani\u00e8res du pays pour la facilitation de la cha\u00eene d&rsquo;approvisionnement en huile d&rsquo;argan.<\/li>\n<\/ul>\n\n\n\n<ul class=\"wp-block-list\">\n<li><strong>Consultant international aupr\u00e8s du PNUD : \u00e9valuation du syst\u00e8me Portnet<\/strong><\/li>\n\n\n\n<li>Analyse de la cha\u00eene d&rsquo;approvisionnement du guichet unique marocain<\/li>\n\n\n\n<li>Analyse de la cha\u00eene logistique des op\u00e9rations d&rsquo;import-export avec les diff\u00e9rents acteurs du commerce ext\u00e9rieur (douanes, Portnet, transitaires, agences d&rsquo;export, etc.)<\/li>\n\n\n\n<li>Pilotage et suivi de la cha\u00eene logistique internationale avec les diff\u00e9rents intervenants<\/li>\n\n\n\n<li>Soutien logistique pour le d\u00e9roulement de l&rsquo;exercice en assurant la coordination avec les parties prenantes.<\/li>\n<\/ul>\n<\/div>\n<\/div>\n\n\n\n<div class=\"wp-block-columns is-layout-flex wp-container-core-columns-is-layout-9d6595d7 wp-block-columns-is-layout-flex\">\n<div class=\"wp-block-column is-layout-flow wp-block-column-is-layout-flow\" style=\"flex-basis:33.33%\">\n<p><\/p>\n\n\n\n<p><strong>D\u00c9CEMBRE 2009\/ OCTOBRE 2014<\/strong><\/p>\n<\/div>\n\n\n\n<div class=\"wp-block-column is-layout-flow wp-block-column-is-layout-flow\" style=\"flex-basis:66.66%\">\n<ul class=\"wp-block-list\">\n<li><strong>Inspecteur Divisionnaire \u00e0 l\u2019Administration des Douanes et Imp\u00f4ts Indirects.<\/strong><\/li>\n\n\n\n<li>Gestion et analyse des risques douani\u00e8res<\/li>\n\n\n\n<li>\u00c9laboration du processus de contr\u00f4le effectu\u00e9 sur les op\u00e9rateurs \u00e0 haut risque<\/li>\n\n\n\n<li>Participation aux missions de contr\u00f4le douanier en entreprise<\/li>\n\n\n\n<li>Participation \u00e0 des missions d\u2019audit et de contr\u00f4le<\/li>\n\n\n\n<li>Conception des dossiers des enqu\u00eates et des op\u00e9rations de contr\u00f4le douanier<\/li>\n\n\n\n<li>Conseil juridique en douane et commerce international.<\/li>\n<\/ul>\n<\/div>\n<\/div>\n","protected":false},"excerpt":{"rendered":"<p>Depuis 2014 Mati\u00e8res enseign\u00e9es&nbsp;: 2021\/2022 D\u00c9CEMBRE 2009\/ OCTOBRE 2014<\/p>\n","protected":false},"author":2,"featured_media":0,"parent":2,"menu_order":0,"comment_status":"closed","ping_status":"closed","template":"","meta":{"iawp_total_views":178,"footnotes":""},"class_list":["post-6","page","type-page","status-publish","hentry"],"jetpack_sharing_enabled":true,"_links":{"self":[{"href":"https:\/\/www.amdafir.com\/index.php\/wp-json\/wp\/v2\/pages\/6","targetHints":{"allow":["GET"]}}],"collection":[{"href":"https:\/\/www.amdafir.com\/index.php\/wp-json\/wp\/v2\/pages"}],"about":[{"href":"https:\/\/www.amdafir.com\/index.php\/wp-json\/wp\/v2\/types\/page"}],"author":[{"embeddable":true,"href":"https:\/\/www.amdafir.com\/index.php\/wp-json\/wp\/v2\/users\/2"}],"replies":[{"embeddable":true,"href":"https:\/\/www.amdafir.com\/index.php\/wp-json\/wp\/v2\/comments?post=6"}],"version-history":[{"count":4,"href":"https:\/\/www.amdafir.com\/index.php\/wp-json\/wp\/v2\/pages\/6\/revisions"}],"predecessor-version":[{"id":552,"href":"https:\/\/www.amdafir.com\/index.php\/wp-json\/wp\/v2\/pages\/6\/revisions\/552"}],"up":[{"embeddable":true,"href":"https:\/\/www.amdafir.com\/index.php\/wp-json\/wp\/v2\/pages\/2"}],"wp:attachment":[{"href":"https:\/\/www.amdafir.com\/index.php\/wp-json\/wp\/v2\/media?parent=6"}],"curies":[{"name":"wp","href":"https:\/\/api.w.org\/{rel}","templated":true}]}}